{"id":82,"date":"2017-04-20T08:47:36","date_gmt":"2017-04-20T08:47:36","guid":{"rendered":"http:\/\/wuwis-werkstatt.de\/?page_id=82"},"modified":"2017-05-27T14:49:56","modified_gmt":"2017-05-27T14:49:56","slug":"reifen-und-teile","status":"publish","type":"page","link":"https:\/\/wuwis-werkstatt.de\/?page_id=82","title":{"rendered":"Reifen und Teile"},"content":{"rendered":"<p><strong>Das Reifencenter<\/strong><\/p>\n<p>Wir bieten Ihnen einen Full-Service rund ums Rad &#8211; vom Aufziehen und Auswuchten bis zum neuen Satz Komplettr\u00e4der Ihrer Wahl. Diverse Markenhersteller (Reifen, Felgen, etc.) st\u00e4ndig verf\u00fcgbar oder als Bestellung kurzfristig \u00fcber unseren Autoteileshop lieferbar.<\/p>\n<p>Dar\u00fcber hinaus bieten wir f\u00fcr Ihre Sommer- und Winterreifen die M\u00f6glichkeit der Einlagerung in unserem Reifencenter an. Unser Einlagerungsservice erspart Ihnen die allj\u00e4hrliche Schlepperei.<\/p>\n<p><strong>Der Autoteileshop<\/strong><\/p>\n<p>Mit unserem Autoteileshop k\u00f6nnen wir Ihnen von der Beratung und Bestellung bis zur Lieferung und dem Einbau der Teile einen Full- Service anbieten. Sollten Teile nicht im Autoteileshop vorr\u00e4tig sein, dann besorgen wir diese im Normalfall bis zum folgenden Werktag.<\/p>\n<p>\u00dcber unsere moderne Lagerverwaltung realisieren wir sehr g\u00fcnstige Ersatzteilpreise. Wir arbeiten nur mit ausgesuchten Lieferanten und Firmen zusammen, die Teile in Erstausr\u00fcsterqualit\u00e4t anbieten, um so ein H\u00f6chstma\u00df an Qualit\u00e4t f\u00fcr alle Kfz-Reparaturen sicherzustellen.<\/p>\n","protected":false},"excerpt":{"rendered":"<p>Das Reifencenter Wir bieten Ihnen einen Full-Service rund ums Rad &#8211; vom Aufziehen und Auswuchten bis zum neuen Satz Komplettr\u00e4der Ihrer Wahl. Diverse Markenhersteller (Reifen, Felgen, etc.) st\u00e4ndig verf\u00fcgbar oder als Bestellung kurzfristig \u00fcber unseren Autoteileshop lieferbar. Dar\u00fcber hinaus bieten wir f\u00fcr Ihre Sommer- und Winterreifen die M\u00f6glichkeit der Einlagerung in unserem Reifencenter an. Unser [&hellip;]<\/p>\n","protected":false},"author":1,"featured_media":13,"parent":0,"menu_order":0,"comment_status":"closed","ping_status":"closed","template":"","meta":[],"_links":{"self":[{"href":"https:\/\/wuwis-werkstatt.de\/index.php?rest_route=\/wp\/v2\/pages\/82"}],"collection":[{"href":"https:\/\/wuwis-werkstatt.de\/index.php?rest_route=\/wp\/v2\/pages"}],"about":[{"href":"https:\/\/wuwis-werkstatt.de\/index.php?rest_route=\/wp\/v2\/types\/page"}],"author":[{"embeddable":true,"href":"https:\/\/wuwis-werkstatt.de\/index.php?rest_route=\/wp\/v2\/users\/1"}],"replies":[{"embeddable":true,"href":"https:\/\/wuwis-werkstatt.de\/index.php?rest_route=%2Fwp%2Fv2%2Fcomments&post=82"}],"version-history":[{"count":2,"href":"https:\/\/wuwis-werkstatt.de\/index.php?rest_route=\/wp\/v2\/pages\/82\/revisions"}],"predecessor-version":[{"id":143,"href":"https:\/\/wuwis-werkstatt.de\/index.php?rest_route=\/wp\/v2\/pages\/82\/revisions\/143"}],"wp:featuredmedia":[{"embeddable":true,"href":"https:\/\/wuwis-werkstatt.de\/index.php?rest_route=\/wp\/v2\/media\/13"}],"wp:attachment":[{"href":"https:\/\/wuwis-werkstatt.de\/index.php?rest_route=%2Fwp%2Fv2%2Fmedia&parent=82"}],"curies":[{"name":"wp","href":"https:\/\/api.w.org\/{rel}","templated":true}]}}