{"id":80,"date":"2017-04-20T08:45:39","date_gmt":"2017-04-20T08:45:39","guid":{"rendered":"http:\/\/wuwis-werkstatt.de\/?page_id=80"},"modified":"2017-04-27T06:23:04","modified_gmt":"2017-04-27T06:23:04","slug":"inspektion","status":"publish","type":"page","link":"https:\/\/wuwis-werkstatt.de\/?page_id=80","title":{"rendered":"Inspektion"},"content":{"rendered":"<p>Ist die n\u00e4chste Haupt- und Abgasuntersuchung bald f\u00e4llig? Auf den Pr\u00fcfplaketten, dem Kfz-Schein oder dem letzten Pr\u00fcfbericht ist der f\u00e4llige Pr\u00fcftermin (Monat) ablesbar. Aber es geht auch einfacher! Kommen Sie einfach kurzfristig in Wuwi&#8217;s Werkstatt vorbei.<\/p>\n<p>Gern sehen wir uns Ihr Fahrzeug vor dem n\u00e4chsten Pr\u00fcftermin gemeinsam an und f\u00fchren dann Ihr Fahrzeug zur n\u00e4chsten HU \/ AU bei der DEKRA e.V. vor. Sollten kleinere M\u00e4ngel festgestellt werden, k\u00f6nnen diese h\u00e4ufig noch vor Ort von uns behoben werden.<\/p>\n","protected":false},"excerpt":{"rendered":"<p>Ist die n\u00e4chste Haupt- und Abgasuntersuchung bald f\u00e4llig? Auf den Pr\u00fcfplaketten, dem Kfz-Schein oder dem letzten Pr\u00fcfbericht ist der f\u00e4llige Pr\u00fcftermin (Monat) ablesbar. Aber es geht auch einfacher! Kommen Sie einfach kurzfristig in Wuwi&#8217;s Werkstatt vorbei. Gern sehen wir uns Ihr Fahrzeug vor dem n\u00e4chsten Pr\u00fcftermin gemeinsam an und f\u00fchren dann Ihr Fahrzeug zur n\u00e4chsten [&hellip;]<\/p>\n","protected":false},"author":1,"featured_media":16,"parent":0,"menu_order":0,"comment_status":"closed","ping_status":"closed","template":"","meta":[],"_links":{"self":[{"href":"https:\/\/wuwis-werkstatt.de\/index.php?rest_route=\/wp\/v2\/pages\/80"}],"collection":[{"href":"https:\/\/wuwis-werkstatt.de\/index.php?rest_route=\/wp\/v2\/pages"}],"about":[{"href":"https:\/\/wuwis-werkstatt.de\/index.php?rest_route=\/wp\/v2\/types\/page"}],"author":[{"embeddable":true,"href":"https:\/\/wuwis-werkstatt.de\/index.php?rest_route=\/wp\/v2\/users\/1"}],"replies":[{"embeddable":true,"href":"https:\/\/wuwis-werkstatt.de\/index.php?rest_route=%2Fwp%2Fv2%2Fcomments&post=80"}],"version-history":[{"count":4,"href":"https:\/\/wuwis-werkstatt.de\/index.php?rest_route=\/wp\/v2\/pages\/80\/revisions"}],"predecessor-version":[{"id":103,"href":"https:\/\/wuwis-werkstatt.de\/index.php?rest_route=\/wp\/v2\/pages\/80\/revisions\/103"}],"wp:featuredmedia":[{"embeddable":true,"href":"https:\/\/wuwis-werkstatt.de\/index.php?rest_route=\/wp\/v2\/media\/16"}],"wp:attachment":[{"href":"https:\/\/wuwis-werkstatt.de\/index.php?rest_route=%2Fwp%2Fv2%2Fmedia&parent=80"}],"curies":[{"name":"wp","href":"https:\/\/api.w.org\/{rel}","templated":true}]}}