{"id":204,"date":"2019-06-05T09:27:50","date_gmt":"2019-06-05T09:27:50","guid":{"rendered":"http:\/\/wuwis-werkstatt.de\/?page_id=204"},"modified":"2019-06-05T09:27:50","modified_gmt":"2019-06-05T09:27:50","slug":"datenschutzrichtlinie","status":"publish","type":"page","link":"https:\/\/wuwis-werkstatt.de\/?page_id=204","title":{"rendered":"Datenschutzrichtlinie"},"content":{"rendered":"<p><strong>Datenschutzerkl\u00e4rung<\/strong><\/p>\n<p>Nachfolgend erhalten Sie Informationen \u00fcber die Erhebung personenbezogener Daten bei Nutzung unserer Internetseite. Zu den personenbezogene Daten geh\u00f6ren alle Daten, die auf Sie pers\u00f6nlich beziehbar sind (z.B. Name, Adresse, E-Mail-Adressen, Nutzerverhalten, IP-Adresse).<\/p>\n<p>Wir weisen darauf hin, dass Ihre\u00a0 personenbezogene Daten wie Name, Postanschrift, E-Mail-Adresse, Telefonnummer oder das Geburtsdatum ausschlie\u00dflich in \u00dcbereinstimmung mit dem jeweils geltenden Datenschutzrecht erhoben und genutzt werden. Ihre Daten werden nur gespeichert, wenn Sie aktiv \u00fcbermittelt werden. Ihre Daten werden z. B. nur zur Beantwortung von Anfragen oder zur Zusendung von Informationsmaterial verwendet. Die Kontaktdaten, die im Rahmen von Anfragen angegeben werden, werden ausschlie\u00dflich f\u00fcr die Korrespondenz verwendet.<\/p>\n<p>&nbsp;<\/p>\n<p><strong>Wer ist f\u00fcr den Datenschutz verantwortlich?<\/strong><\/p>\n<p>Wuwi\u2019s Werkstatt<br \/>\nWilfried Ickert<br \/>\nSchierenstr. 8<br \/>\n38154 K\u00f6nigslutter OT Lelm<br \/>\nTel.: 05353\/9395568<br \/>\nwuwi66@web.de<\/p>\n<p>&nbsp;<\/p>\n<p><strong>Welche personenbezogenen Daten erheben wir?<\/strong><\/p>\n<p>Wir erheben, speichern, nutzen, \u00fcbermitteln oder l\u00f6schen folgende personenbezogene Daten:<\/p>\n<ul>\n<li>Interessenten unserer Internetseite und Kunden, die nat\u00fcrliche Personen sind<\/li>\n<li>Allen anderen nat\u00fcrlichen Personen, die in Kontakt mit uns stehen (z.B. Bevollm\u00e4chtigte, Erziehungsberechtigte, Mitarbeiter juristischer Personen, Besucher unserer Internetseite)<\/li>\n<\/ul>\n<p>Personenbezogene Daten von Ihnen werden von uns erhoben, wenn Sie mit uns z.B. per E-Mail oder Telefon in Kontakt treten und einen Termin ausmachen wollen.<\/p>\n<p>Folgende pers\u00f6nliche Daten verarbeiten wir:<\/p>\n<ul>\n<li>Pers\u00f6nliche Angaben (z.B. Vor- und Nachnamen, Adresse, Geburtsdatum und -ort, E-Mail-Adresse, Telefonnummer,); ausschlie\u00dflich in \u00dcbereinstimmung mit dem jeweils geltenden Datenschutzrecht . Die Daten werden nur gespeichert, wenn sie aktiv \u00fcbermittelt werden. Die Daten werden nur zur Beantwortung von Anfragen oder zur Zusendung von Informationsmaterial verwendet . Kontaktdaten, die im Rahmen von Anfragen angegeben werden, ausschlie\u00dflich f\u00fcr die Korrespondenz verwendet werden<\/li>\n<\/ul>\n<ul>\n<li>Daten zu Ihrem Online-Verhalten und -pr\u00e4ferenzen (z.B. IP-Adressen, eindeutige Zuordnungsmerkmale mobiler Endger\u00e4te, Daten zu Ihren Besuchen auf unserer Internetseite, Endger\u00e4te, mit denen Sie unsere Internetseite besucht haben )<\/li>\n<\/ul>\n<p>&nbsp;<\/p>\n<p><strong>Wer erh\u00e4lt ggf. Ihre personenbezogenen Daten \u00fcbermittelt?<\/strong><\/p>\n<p>Falls einzelne Funktionen unserer Internetseite auf beauftragte Dienstleister zur\u00fcckgreifen, informieren wir Sie in Ziffer 4 dieser Datenschutzerkl\u00e4rung im Detail \u00fcber die jeweiligen Vor-g\u00e4nge. Dabei nennen wir auch die festgelegten Kriterien der Speicherdauer.<\/p>\n<p>&nbsp;<\/p>\n<p><strong>Welchem Zweck dienen Ihre Daten und mit welcher Rechtfertigung d\u00fcrfen wir diese nutzen?<\/strong><\/p>\n<p>Wenn Sie unsere Internetseite ausschlie\u00dflich dazu nutzen, sich \u00fcber uns zu informieren, erheben wir nur die personenbezogenen Daten, die Ihr Browser an unseren Server \u00fcbermittelt. Wenn Sie unsere Website betrachten m\u00f6chten, erheben wir die folgenden Daten, die f\u00fcr uns technisch erforderlich sind, um Ihnen unsere Website anzuzeigen und die Stabilit\u00e4t und Sicherheit zu gew\u00e4hrleisten (Rechtsgrundlage ist Art. 6 Abs. 1 S. 1 lit. f DSGVO):<\/p>\n<ul>\n<li>IP-Adresse<\/li>\n<li>Datum und Uhrzeit der Anfrage<\/li>\n<li>Zeitzonendifferenz zur Greenwich Mean Time (GMT)<\/li>\n<li>Inhalt der Anforderung (konkrete Seite)<\/li>\n<li>Zugriffsstatus\/HTTP-Statuscode<\/li>\n<li>jeweils \u00fcbertragene Datenmenge<\/li>\n<li>Website, von der die Anforderung kommt<\/li>\n<li>Browser<\/li>\n<li>Betriebssystem und dessen Oberfl\u00e4che<\/li>\n<li>Sprache und Version der Browsersoftware.<\/li>\n<\/ul>\n<p>Zus\u00e4tzlich zu diesen Daten werden bei Ihrer Nutzung unserer Internetseite auch Cookies auf Ihrem Rechner gespeichert. Bei Cookies handelt es sich um kleine Textdateien, die auf Ihrer Festplatte dem von Ihnen verwendeten Browser zugeordnet gespeichert werden und durch welche der Stelle, die den Cookie setzt (hier durch uns), bestimmte Informationen zuflie\u00dfen. Cookies k\u00f6nnen weder Programme ausf\u00fchren oder noch Viren auf Ihren Computer \u00fcbertragen. Sie dienen dazu, das Internetangebot insgesamt nutzerfreundlicher und effektiver zu machen.<\/p>\n<p><strong>\u00a0<\/strong><\/p>\n<p><strong>Einsatz von Cookies:<\/strong><\/p>\n<ol>\n<li>a) Diese Website nutzt folgende Arten von Cookies, deren Umfang und Funktionsweise im Folgenden erl\u00e4utert werden:<\/li>\n<\/ol>\n<ul>\n<li>Transiente Cookies (dazu b)<\/li>\n<li>Persistente Cookies (dazu c).<\/li>\n<\/ul>\n<ol>\n<li>b) Transiente Cookies werden automatisiert gel\u00f6scht, wenn Sie den Browser schlie\u00dfen. Dazu z\u00e4hlen insbesondere die Session-Cookies. Diese speichern eine sogenannte Session-ID, mit welcher sich verschiedene Anfragen Ihres Browsers der gemeinsamen Sitzung zuordnen lassen. Dadurch kann Ihr Rechner wiedererkannt werden, wenn Sie auf unsere Website zur\u00fcckkehren. Die Session-Cookies werden gel\u00f6scht, wenn Sie sich ausloggen oder den Browser schlie\u00dfen.<\/li>\n<\/ol>\n<ol>\n<li>c) Persistente Cookies werden automatisiert nach einer vorgegebenen Dauer gel\u00f6scht, die sich je nach Cookie unterscheiden kann. Sie k\u00f6nnen die Cookies in den Sicherheitseinstellungen Ihres Browsers jederzeit l\u00f6schen.<\/li>\n<\/ol>\n<ol>\n<li>d) Sie k\u00f6nnen Ihre Browser-Einstellung entsprechend Ihren W\u00fcnschen konfigurieren und z.\u2009B. die Annahme von Third-Party-Cookies oder allen Cookies ablehnen. Wir weisen Sie darauf hin, dass Sie eventuell nicht alle Funktionen dieser Website nutzen k\u00f6nnen.<\/li>\n<\/ol>\n<p>Wollen Sie per E-Mail oder \u00fcber unser Kontaktformular einen Behandlungstermin vereinbaren oder eine Frage an uns richten, werden die von Ihnen mitgeteilten Daten (Ihre E-Mail-Adresse, ggf. Ihr Name und Ihre Telefonnummer) von uns gespeichert, um Ihnen einen Behandlungstermin zuweisen oder die Anfrage beantworten zu k\u00f6nnen. Die in diesem Zusammenhang anfallenden Daten l\u00f6schen wir, nachdem die Speicherung nicht mehr erforderlich ist, oder schr\u00e4nken die Verarbeitung ein, falls gesetzliche Aufbewahrungspflichten bestehen (Rechtsgrundlage ist Art. 6 Abs. 1 S. 1 lit. b DSGVO).<\/p>\n<p>&nbsp;<\/p>\n<p><strong>Google Maps<\/strong><\/p>\n<p>Diese Webseite verwendet Google Maps von Google Inc. Durch Nutzung dieser Webseite erkl\u00e4ren Sie sich mit der Erfassung und Nutzung der automatisiert erhobenen Daten durch Google Inc, deren Vertreter sowie Dritter einverstanden. Die Nutzungsbedingungen von Google Maps finden sie unter <a href=\"https:\/\/www.google.com\/intl\/de_de\/help\/terms_maps.html\">&#8222;Nutzungsbedingungen von Google Maps&#8220;<\/a>.<\/p>\n<p><strong>\u00a0<\/strong><\/p>\n<p><strong>Welche Rechte haben Sie im Zusammenhang mit dem Datenschutz?<\/strong><\/p>\n<p>Sie haben gegen\u00fcber uns folgende Rechte hinsichtlich der Sie betreffenden personenbezogenen Daten:<\/p>\n<ul>\n<li>Recht auf Auskunft,<\/li>\n<li>Recht auf Berichtigung oder L\u00f6schung,<\/li>\n<li>Recht auf Einschr\u00e4nkung der Verarbeitung,<\/li>\n<li>Recht auf Widerspruch gegen die Verarbeitung,<\/li>\n<li>Recht auf Daten\u00fcbertragbarkeit.<\/li>\n<\/ul>\n<p>&nbsp;<\/p>\n<p><strong>Wie k\u00f6nnen Sie sich ggf. beschweren?<\/strong><\/p>\n<p>Sie haben die M\u00f6glichkeit, sich mit einer Beschwerde im Zusammenhang mit der Datenverarbeitung an die f\u00fcr uns zust\u00e4ndige Datenschutzaufsicht zu wenden:<\/p>\n<p>Die Landesbeauftragte f\u00fcr den Datenschutz Niedersachsen<\/p>\n<p>Prinzenstra\u00dfe 5<\/p>\n<p>30159 Hannover<\/p>\n<p>Telefon 0511 120-4500<\/p>\n<p>Fax\u00a0\u00a0\u00a0\u00a0\u00a0\u00a0\u00a0\u00a0 0511 120-4599<\/p>\n<p>E-Mail\u00a0\u00a0 <a href=\"mailto:poststelle@lfd.niedersachsen.de\">poststelle@lfd.niedersachsen.de<\/a><\/p>\n<p>&nbsp;<\/p>\n<p>&nbsp;<\/p>\n","protected":false},"excerpt":{"rendered":"<p>Datenschutzerkl\u00e4rung Nachfolgend erhalten Sie Informationen \u00fcber die Erhebung personenbezogener Daten bei Nutzung unserer Internetseite. Zu den personenbezogene Daten geh\u00f6ren alle Daten, die auf Sie pers\u00f6nlich beziehbar sind (z.B. Name, Adresse, E-Mail-Adressen, Nutzerverhalten, IP-Adresse). Wir weisen darauf hin, dass Ihre\u00a0 personenbezogene Daten wie Name, Postanschrift, E-Mail-Adresse, Telefonnummer oder das Geburtsdatum ausschlie\u00dflich in \u00dcbereinstimmung mit dem jeweils [&hellip;]<\/p>\n","protected":false},"author":1,"featured_media":0,"parent":0,"menu_order":0,"comment_status":"closed","ping_status":"closed","template":"","meta":[],"_links":{"self":[{"href":"https:\/\/wuwis-werkstatt.de\/index.php?rest_route=\/wp\/v2\/pages\/204"}],"collection":[{"href":"https:\/\/wuwis-werkstatt.de\/index.php?rest_route=\/wp\/v2\/pages"}],"about":[{"href":"https:\/\/wuwis-werkstatt.de\/index.php?rest_route=\/wp\/v2\/types\/page"}],"author":[{"embeddable":true,"href":"https:\/\/wuwis-werkstatt.de\/index.php?rest_route=\/wp\/v2\/users\/1"}],"replies":[{"embeddable":true,"href":"https:\/\/wuwis-werkstatt.de\/index.php?rest_route=%2Fwp%2Fv2%2Fcomments&post=204"}],"version-history":[{"count":2,"href":"https:\/\/wuwis-werkstatt.de\/index.php?rest_route=\/wp\/v2\/pages\/204\/revisions"}],"predecessor-version":[{"id":443,"href":"https:\/\/wuwis-werkstatt.de\/index.php?rest_route=\/wp\/v2\/pages\/204\/revisions\/443"}],"wp:attachment":[{"href":"https:\/\/wuwis-werkstatt.de\/index.php?rest_route=%2Fwp%2Fv2%2Fmedia&parent=204"}],"curies":[{"name":"wp","href":"https:\/\/api.w.org\/{rel}","templated":true}]}}