{"id":2,"date":"2016-05-10T03:48:21","date_gmt":"2016-05-10T03:48:21","guid":{"rendered":"http:\/\/wuwis-werkstatt.de\/?page_id=2"},"modified":"2017-05-27T15:02:14","modified_gmt":"2017-05-27T15:02:14","slug":"kfz-reparaturen","status":"publish","type":"page","link":"https:\/\/wuwis-werkstatt.de\/?page_id=2","title":{"rendered":"Kfz &#8211; Reparaturen"},"content":{"rendered":"<p>Wir bieten Reparaturen an allen f\u00fchrenden Fabrikaten inklusive Ersatzteilen &#8230; u.a. Abgasanlage, Achsaufh\u00e4ngung, Bremsanlage, Elektrik, Getriebe, Karosseriearbeiten, Klimaanlage, Kupplung, Lenkung, Motor, Radantrieb, Radf\u00fchrung, Sto\u00dfd\u00e4mpfer, etc.<\/p>\n<p>Unser Full-Service enth\u00e4lt neben Kfz &#8211; Reparaturarbeiten und Autoteileservice selbstverst\u00e4ndlich auch die Durchf\u00fchrung aller erforderlichen Service-, Inspektions- und Wartungsarbeiten &#8211; z.B. \u00d6lwechsel, Urlaubs-\/Wintercheck, HU\/AU &#8211; an Ihrem Fahrzeug.<\/p>\n<p>DEKRA<\/p>\n<p>Dienstag von 8.00 &#8211; 9.30 uhr<\/p>\n<p>Freitag von 8.00 &#8211; 12.30 uhr<\/p>\n","protected":false},"excerpt":{"rendered":"<p>Wir bieten Reparaturen an allen f\u00fchrenden Fabrikaten inklusive Ersatzteilen &#8230; u.a. Abgasanlage, Achsaufh\u00e4ngung, Bremsanlage, Elektrik, Getriebe, Karosseriearbeiten, Klimaanlage, Kupplung, Lenkung, Motor, Radantrieb, Radf\u00fchrung, Sto\u00dfd\u00e4mpfer, etc. Unser Full-Service enth\u00e4lt neben Kfz &#8211; Reparaturarbeiten und Autoteileservice selbstverst\u00e4ndlich auch die Durchf\u00fchrung aller erforderlichen Service-, Inspektions- und Wartungsarbeiten &#8211; z.B. \u00d6lwechsel, Urlaubs-\/Wintercheck, HU\/AU &#8211; an Ihrem Fahrzeug. DEKRA Dienstag [&hellip;]<\/p>\n","protected":false},"author":1,"featured_media":17,"parent":0,"menu_order":0,"comment_status":"closed","ping_status":"closed","template":"","meta":[],"_links":{"self":[{"href":"https:\/\/wuwis-werkstatt.de\/index.php?rest_route=\/wp\/v2\/pages\/2"}],"collection":[{"href":"https:\/\/wuwis-werkstatt.de\/index.php?rest_route=\/wp\/v2\/pages"}],"about":[{"href":"https:\/\/wuwis-werkstatt.de\/index.php?rest_route=\/wp\/v2\/types\/page"}],"author":[{"embeddable":true,"href":"https:\/\/wuwis-werkstatt.de\/index.php?rest_route=\/wp\/v2\/users\/1"}],"replies":[{"embeddable":true,"href":"https:\/\/wuwis-werkstatt.de\/index.php?rest_route=%2Fwp%2Fv2%2Fcomments&post=2"}],"version-history":[{"count":4,"href":"https:\/\/wuwis-werkstatt.de\/index.php?rest_route=\/wp\/v2\/pages\/2\/revisions"}],"predecessor-version":[{"id":145,"href":"https:\/\/wuwis-werkstatt.de\/index.php?rest_route=\/wp\/v2\/pages\/2\/revisions\/145"}],"wp:featuredmedia":[{"embeddable":true,"href":"https:\/\/wuwis-werkstatt.de\/index.php?rest_route=\/wp\/v2\/media\/17"}],"wp:attachment":[{"href":"https:\/\/wuwis-werkstatt.de\/index.php?rest_route=%2Fwp%2Fv2%2Fmedia&parent=2"}],"curies":[{"name":"wp","href":"https:\/\/api.w.org\/{rel}","templated":true}]}}